{"id":14,"date":"2025-02-05T20:15:59","date_gmt":"2025-02-05T19:15:59","guid":{"rendered":"https:\/\/extrem-gesund.com\/?page_id=14"},"modified":"2026-01-02T13:27:31","modified_gmt":"2026-01-02T12:27:31","slug":"refund_returns-2","status":"publish","type":"page","link":"https:\/\/extrem-gesund.com\/?page_id=14","title":{"rendered":"Impressum"},"content":{"rendered":"<p><strong>Impressum<\/strong><\/p>\n<p><strong>AxonAI, s.r.o.<\/strong><br \/>\nRybn\u00e1 716\/24, Star\u00e9 M\u011bsto,<br \/>\n110 00 Praha 1<\/p>\n<p><strong>Rechtsform:<\/strong> Gesellschaft mit beschr\u00e4nkter Haftung (s.r.o.)<br \/>\n<strong>I\u010cO (Identifikationsnummer):<\/strong> 22005072<\/p>\n","protected":false},"excerpt":{"rendered":"<p>Impressum AxonAI, s.r.o. Rybn\u00e1 716\/24, Star\u00e9 M\u011bsto, 110 00 Praha 1 Rechtsform: Gesellschaft mit beschr\u00e4nkter Haftung (s.r.o.) I\u010cO (Identifikationsnummer): 22005072<\/p>\n","protected":false},"author":1,"featured_media":0,"parent":0,"menu_order":0,"comment_status":"closed","ping_status":"closed","template":"","meta":{"inline_featured_image":false,"footnotes":""},"class_list":["post-14","page","type-page","status-publish","hentry"],"_links":{"self":[{"href":"https:\/\/extrem-gesund.com\/index.php?rest_route=\/wp\/v2\/pages\/14","targetHints":{"allow":["GET"]}}],"collection":[{"href":"https:\/\/extrem-gesund.com\/index.php?rest_route=\/wp\/v2\/pages"}],"about":[{"href":"https:\/\/extrem-gesund.com\/index.php?rest_route=\/wp\/v2\/types\/page"}],"author":[{"embeddable":true,"href":"https:\/\/extrem-gesund.com\/index.php?rest_route=\/wp\/v2\/users\/1"}],"replies":[{"embeddable":true,"href":"https:\/\/extrem-gesund.com\/index.php?rest_route=%2Fwp%2Fv2%2Fcomments&post=14"}],"version-history":[{"count":3,"href":"https:\/\/extrem-gesund.com\/index.php?rest_route=\/wp\/v2\/pages\/14\/revisions"}],"predecessor-version":[{"id":8489,"href":"https:\/\/extrem-gesund.com\/index.php?rest_route=\/wp\/v2\/pages\/14\/revisions\/8489"}],"wp:attachment":[{"href":"https:\/\/extrem-gesund.com\/index.php?rest_route=%2Fwp%2Fv2%2Fmedia&parent=14"}],"curies":[{"name":"wp","href":"https:\/\/api.w.org\/{rel}","templated":true}]}}